{"id":369,"date":"2013-09-19T12:27:36","date_gmt":"2013-09-19T10:27:36","guid":{"rendered":"http:\/\/hebergement.u-psud.fr\/photo-club.asso\/wordpress\/?page_id=369"},"modified":"2024-06-11T16:21:54","modified_gmt":"2024-06-11T14:21:54","slug":"historiques-des-expos","status":"publish","type":"page","link":"https:\/\/www.photo-club.asso.universite-paris-saclay.fr\/?page_id=369","title":{"rendered":"Historiques des expos"},"content":{"rendered":"<h2><\/h2>\n<h2>Expo \u00e0 la BU d&rsquo;Orsay<\/h2>\n<p>Du 23 avril au \u00a020 mai<\/p>\n<p><a href=\"https:\/\/www.photo-club.asso.universite-paris-saclay.fr\/?page_id=3413\">Le souvenir de l&rsquo;expo<\/a><\/p>\n<p><a href=\"https:\/\/www.photo-club.asso.universite-paris-saclay.fr\/wp-content\/uploads\/Affiche-expo-2024_Web.jpg\"><img loading=\"lazy\" class=\"wp-image-3401 alignleft\" src=\"https:\/\/www.photo-club.asso.universite-paris-saclay.fr\/wp-content\/uploads\/Affiche-expo-2024_Web.jpg\" alt=\"\" width=\"144\" height=\"202\" srcset=\"https:\/\/www.photo-club.asso.universite-paris-saclay.fr\/wp-content\/uploads\/Affiche-expo-2024_Web.jpg 405w, https:\/\/www.photo-club.asso.universite-paris-saclay.fr\/wp-content\/uploads\/Affiche-expo-2024_Web-214x300.jpg 214w\" sizes=\"(max-width: 144px) 100vw, 144px\" \/><\/a><\/p>\n<h3><\/h3>\n<h3><\/h3>\n<h3><\/h3>\n<h3><\/h3>\n<p>&#8212;&#8212;&#8212;&#8212;&#8212;&#8212;&#8212;&#8212;&#8212;&#8212;&#8212;&#8212;&#8212;&#8212;&#8212;&#8212;&#8212;&#8212;&#8212;&#8212;&#8212;&#8212;&#8212;&#8212;&#8212;&#8212;&#8212;&#8212;&#8212;&#8212;&#8212;&#8212;&#8212;&#8211;<\/p>\n<h2><strong>EXPO \u00e0 la BU d&rsquo;Orsay<br \/>\n<\/strong><\/h2>\n<h2>Le Photo-Club expose 74 photos<\/h2>\n<p>L&rsquo;expo se tient <strong>du 1 f\u00e9vrier au 15 mars 2018<\/strong> \u00e0 la Biblioth\u00e8que universitaire (BU, b\u00e2t 407).<\/p>\n<p><img loading=\"lazy\" class=\" wp-image-2394 aligncenter\" src=\"http:\/\/hebergement.u-psud.fr\/photo-club.asso\/wordpress\/wp-content\/uploads\/20180131_141624-R2-300x81.jpg\" alt=\"20180131_141624 - R2\" width=\"504\" height=\"136\" srcset=\"https:\/\/www.photo-club.asso.universite-paris-saclay.fr\/wp-content\/uploads\/20180131_141624-R2-300x81.jpg 300w, https:\/\/www.photo-club.asso.universite-paris-saclay.fr\/wp-content\/uploads\/20180131_141624-R2-768x208.jpg 768w, https:\/\/www.photo-club.asso.universite-paris-saclay.fr\/wp-content\/uploads\/20180131_141624-R2-1024x277.jpg 1024w, https:\/\/www.photo-club.asso.universite-paris-saclay.fr\/wp-content\/uploads\/20180131_141624-R2-600x162.jpg 600w, https:\/\/www.photo-club.asso.universite-paris-saclay.fr\/wp-content\/uploads\/20180131_141624-R2.jpg 1275w\" sizes=\"(max-width: 504px) 100vw, 504px\" \/><\/p>\n<p><img loading=\"lazy\" class=\"aligncenter wp-image-2389\" src=\"http:\/\/hebergement.u-psud.fr\/photo-club.asso\/wordpress\/wp-content\/uploads\/AFF-2-207x300.jpeg\" alt=\"AFF-2\" width=\"322\" height=\"467\" srcset=\"https:\/\/www.photo-club.asso.universite-paris-saclay.fr\/wp-content\/uploads\/AFF-2-207x300.jpeg 207w, https:\/\/www.photo-club.asso.universite-paris-saclay.fr\/wp-content\/uploads\/AFF-2.jpeg 442w\" sizes=\"(max-width: 322px) 100vw, 322px\" \/><\/p>\n<h2>&#8212;&#8212;&#8212;&#8212;&#8212;&#8212;&#8212;&#8212;&#8212;&#8212;&#8212;&#8212;&#8212;&#8212;&#8212;&#8212;&#8212;&#8212;&#8212;&#8212;&#8212;&#8212;&#8212;&#8212;&#8212;<\/h2>\n<h2><strong>Fen\u00eatres sur rues\u00a0 (mars 2015)<\/strong><\/h2>\n<h3><strong>Mich\u00e8le Hoffman\u00a0<\/strong><\/h3>\n<p>Des fen\u00eatres d\u00e9couvertes au gr\u00e9 de mes balades dans les rues de Berlin, Boyardville, Castres, Dol de Bretagne, Lamastre, Mennecy, Meymac, Murat, Saint Malo, Saint Suliac, Toulouse\u2026<\/p>\n<h3>exposition \u00e0 la Caf\u00e9teria de l&rsquo;IPN, campus d&rsquo;Orsay<\/h3>\n<p><a href=\"http:\/\/hebergement.u-psud.fr\/photo-club.asso\/wordpress\/wp-content\/uploads\/fenetre-sur-rue.jpg\"><img loading=\"lazy\" class=\" wp-image-1672 alignleft\" src=\"http:\/\/hebergement.u-psud.fr\/photo-club.asso\/wordpress\/wp-content\/uploads\/fenetre-sur-rue-205x300.jpg\" alt=\"fenetre sur rue\" width=\"310\" height=\"454\" \/><\/a><\/p>\n<h3><\/h3>\n<h3><\/h3>\n<h3><\/h3>\n<h3><\/h3>\n<h3><\/h3>\n<h3><\/h3>\n<h3><\/h3>\n<h3><\/h3>\n<h3><\/h3>\n<h3><\/h3>\n<h3>&#8212;&#8212;&#8212;&#8212;&#8212;&#8212;&#8212;&#8212;&#8212;&#8212;&#8212;&#8212;&#8212;&#8212;&#8212;&#8212;&#8212;&#8212;&#8212;&#8212;&#8212;&#8212;&#8212;&#8212;&#8212;&#8212;&#8211;<\/h3>\n<h3><strong>TWO CIGARETTES IN THE DARK ( janvier-f\u00e9vrier 2015)<br \/>\n<\/strong><\/h3>\n<p>De Pina Bausch avec la compagnie Tanztheater Wuppertal<br \/>\nR\u00e9portage photo de Edouard Galant \u00e0 l&rsquo;Opera Garnier (septembre 2014)<br \/>\n<a href=\"http:\/\/hebergement.u-psud.fr\/photo-club.asso\/wordpress\/wp-content\/uploads\/DAnse-Pina-B.jpg\"><img loading=\"lazy\" class=\"wp-image-1351 alignleft\" src=\"http:\/\/hebergement.u-psud.fr\/photo-club.asso\/wordpress\/wp-content\/uploads\/DAnse-Pina-B-208x300.jpg\" alt=\"DAnse-Pina-B\" width=\"327\" height=\"471\" srcset=\"https:\/\/www.photo-club.asso.universite-paris-saclay.fr\/wp-content\/uploads\/DAnse-Pina-B-208x300.jpg 208w, https:\/\/www.photo-club.asso.universite-paris-saclay.fr\/wp-content\/uploads\/DAnse-Pina-B.jpg 296w\" sizes=\"(max-width: 327px) 100vw, 327px\" \/><\/a><\/p>\n<h2><\/h2>\n<h2><\/h2>\n<h2><\/h2>\n<h2><\/h2>\n<h2><\/h2>\n<h2><\/h2>\n<h2><\/h2>\n<h2><\/h2>\n<h2><\/h2>\n<h2><\/h2>\n<h2><strong>\u00ab Fruits et L\u00e9gumes \u00bb 2014<br \/>\n<\/strong><\/h2>\n<p><a href=\"http:\/\/hebergement.u-psud.fr\/photo-club.asso\/wordpress\/wp-content\/uploads\/Potiron.jpg\"><img loading=\"lazy\" class=\"alignleft size-medium wp-image-901\" src=\"http:\/\/hebergement.u-psud.fr\/photo-club.asso\/wordpress\/wp-content\/uploads\/Potiron-278x300.jpg\" alt=\"Potiron\" width=\"278\" height=\"300\" srcset=\"https:\/\/www.photo-club.asso.universite-paris-saclay.fr\/wp-content\/uploads\/Potiron-278x300.jpg 278w, https:\/\/www.photo-club.asso.universite-paris-saclay.fr\/wp-content\/uploads\/Potiron.jpg 927w\" sizes=\"(max-width: 278px) 100vw, 278px\" \/><\/a><\/p>\n<h3>Expo collectif<\/h3>\n<h5>L&rsquo;exposition est accroch\u00e9 dans le restaurant CESFO\u00a0 d&rsquo;Orsay.<\/h5>\n<h2><\/h2>\n<h2><\/h2>\n<h2><\/h2>\n<h2><\/h2>\n<h2><\/h2>\n<h2><strong>\u00ab Reflets \u00bb 2014<br \/>\n<\/strong><\/h2>\n<p><a href=\"http:\/\/hebergement.u-psud.fr\/photo-club.asso\/wordpress\/?attachment_id=144\" rel=\"attachment wp-att-144\"><img loading=\"lazy\" title=\"reflet\" src=\"http:\/\/hebergement.u-psud.fr\/photo-club.asso\/wordpress\/wp-content\/uploads\/reflet-300x225.jpg\" alt=\"\" width=\"300\" height=\"225\" \/><\/a><\/p>\n<h2><strong>Mich\u00e8le Hoffman<\/strong><\/h2>\n<p><em>&laquo;&nbsp;La ville de Castres dans le Tarn est b\u00e2tie le long de la rivi\u00e8re Agout\u2026<br \/>\nJe vous propose un regard, \u00e0 travers le filtre de cette rivi\u00e8re, sur l\u2019ancien quartier des tanneurs et des tisserands.&nbsp;&raquo;<\/em><\/p>\n<h5>L&rsquo;exposition sera accroch\u00e9e \u00e0 partir du mois d&rsquo;octobre au restaurant CESFO de Bures.<\/h5>\n<h2><strong>\u00ab Vagabondages d&rsquo;automne\u00bb 2013 -2014<br \/>\n<\/strong><\/h2>\n<p><a href=\"http:\/\/hebergement.u-psud.fr\/photo-club.asso\/wordpress\/?attachment_id=586\" rel=\"attachment wp-att-586\"><img loading=\"lazy\" class=\"size-medium wp-image-586 alignleft\" title=\"P1030652\" src=\"http:\/\/hebergement.u-psud.fr\/photo-club.asso\/wordpress\/wp-content\/uploads\/P10306521-225x300.jpg\" alt=\"\" width=\"225\" height=\"300\" srcset=\"https:\/\/www.photo-club.asso.universite-paris-saclay.fr\/wp-content\/uploads\/P10306521-225x300.jpg 225w, https:\/\/www.photo-club.asso.universite-paris-saclay.fr\/wp-content\/uploads\/P10306521-768x1024.jpg 768w, https:\/\/www.photo-club.asso.universite-paris-saclay.fr\/wp-content\/uploads\/P10306521.jpg 1500w\" sizes=\"(max-width: 225px) 100vw, 225px\" \/><\/a><\/p>\n<h2><strong>Eric Plaige<\/strong><\/h2>\n<p style=\"text-align: left;\"><em>&laquo;&nbsp;Un dernier village, quelques lacets, les flocons tombent, et la route dispara\u00eet sous un tapis blanc.<br \/>\nUn peu plus loin, la fin de la route, la fin du monde civilis\u00e9&#8230;<br \/>\nLe bout du monde ou le d\u00e9but d\u2019un autre monde, enfin, l\u00e0 ou commencent ces vagabondages d\u2019automne..&nbsp;&raquo;<\/em><\/p>\n<p><strong>L&rsquo;affiche de l&rsquo;exposition est <a title=\"Affiche exposition Filippo Rusconi au CESFO\" href=\"http:\/\/hebergement.u-psud.fr\/photo-club.asso\/wordpress\/?attachment_id=585\" target=\"_blank\" rel=\"noopener\">ici<\/a>.<\/strong><\/p>\n<h2><strong>\u00ab Les v\u00e9los \u00bb 2013-2014<br \/>\n<\/strong><\/h2>\n<div id=\"attachment_296\" style=\"width: 310px\" class=\"wp-caption alignleft\"><a href=\"http:\/\/hebergement.u-psud.fr\/photo-club.asso\/wordpress\/?attachment_id=296\" rel=\"attachment wp-att-296\"><img aria-describedby=\"caption-attachment-296\" loading=\"lazy\" class=\"size-medium wp-image-296\" title=\"V\u00e9lo\" src=\"http:\/\/hebergement.u-psud.fr\/photo-club.asso\/wordpress\/wp-content\/uploads\/0119-copie-300x217.jpg\" alt=\"\" width=\"300\" height=\"217\" srcset=\"https:\/\/www.photo-club.asso.universite-paris-saclay.fr\/wp-content\/uploads\/0119-copie-300x217.jpg 300w, https:\/\/www.photo-club.asso.universite-paris-saclay.fr\/wp-content\/uploads\/0119-copie-1024x741.jpg 1024w\" sizes=\"(max-width: 300px) 100vw, 300px\" \/><\/a><p id=\"caption-attachment-296\" class=\"wp-caption-text\">Photographe de Chabrier de Lafinft, 1895. Collection Raimon Konig<\/p><\/div>\n<h3><strong><strong>Expo collective du photoclub, CESFO :<\/strong><\/strong><\/h3>\n<p><strong><br \/>\n<strong><strong>Carvajal, Equilbey, Guilland, Hoffman, Knippenberg, Konig, Lamothe, Megy, Morelle, Sansonet.<\/strong><\/strong><\/strong><\/p>\n<p>L&rsquo;ensemble des images retenues sont expos\u00e9es dans les salles des restaurants d&rsquo;Orsay \u00e0 partir du mois de juin.<\/p>\n<p><em>\u00a0<\/em><\/p>\n<h2><strong>\u00ab Propre devant chez soi \u00bb2013<\/strong><\/h2>\n<div id=\"attachment_264\" style=\"width: 210px\" class=\"wp-caption alignnone\"><a href=\"http:\/\/hebergement.u-psud.fr\/photo-club.asso\/wordpress\/?attachment_id=264\" rel=\"attachment wp-att-264\"><img aria-describedby=\"caption-attachment-264\" loading=\"lazy\" class=\"size-medium wp-image-264\" title=\"DSC_4769_R\" src=\"http:\/\/hebergement.u-psud.fr\/photo-club.asso\/wordpress\/wp-content\/uploads\/DSC_4769_R1-200x300.jpg\" alt=\"\" width=\"200\" height=\"300\" srcset=\"https:\/\/www.photo-club.asso.universite-paris-saclay.fr\/wp-content\/uploads\/DSC_4769_R1-200x300.jpg 200w, https:\/\/www.photo-club.asso.universite-paris-saclay.fr\/wp-content\/uploads\/DSC_4769_R1-682x1024.jpg 682w\" sizes=\"(max-width: 200px) 100vw, 200px\" \/><\/a><p id=\"caption-attachment-264\" class=\"wp-caption-text\">Le balai devant chez moi 7<\/p><\/div>\n<h3><strong>Elena Carvajal<\/strong><\/h3>\n<p><em>Photos prises dans la ville de Burano (Italie), juin 2012<br \/>\n<\/em><br \/>\nA la caf\u00e9t\u00e9ria de l&rsquo;IPN \u00e0 partir du mois de mai<\/p>\n<h2><strong>\u00ab P\u00e9r\u00e9grinations sylvestres: recherche du menu dans la for\u00eat \u00bb2012<\/strong><\/h2>\n<p><a href=\"http:\/\/hebergement.u-psud.fr\/photo-club.asso\/wordpress\/?attachment_id=10\" rel=\"attachment wp-att-10\"><br \/>\n<img loading=\"lazy\" title=\"Escargot \u00e0 la For\u00eat de Verri\u00e8res\" src=\"http:\/\/hebergement.u-psud.fr\/photo-club.asso\/wordpress\/wp-content\/uploads\/201110311226341-300x199.jpg\" alt=\"Escargot \u00e0 la For\u00eat de Verri\u00e8res\" width=\"300\" height=\"199\" \/><\/a>Escargot \u00e0 la For\u00eat de Verri\u00e8res<\/p>\n<h3><strong>Filippo Rusconi<\/strong><\/h3>\n<p>L&rsquo;affiche de l&rsquo;exposition est <a title=\"Affiche exposition Filippo Rusconi au CESFO\" href=\"http:\/\/hebergement.u-psud.fr\/photo-club.asso\/wordpress\/?attachment_id=11\" target=\"_blank\" rel=\"noopener\">ici<\/a>.<\/p>\n<div id=\"_mcePaste\" class=\"mcePaste\" style=\"position: absolute; left: -10000px; top: 0px; width: 1px; height: 1px; overflow: hidden;\">&lt;h1&gt;&lt;strong&gt;\u00ab Reflets \u00bb &#8211; Mich\u00e8le HOFFMAN<br \/>\n&lt;\/strong&gt;&lt;\/h1&gt;<br \/>\nLe Photoclub pr\u00e9sentera l&rsquo;exposition (du 15 mars \u00e0 fin avril, restaurant CESFO d&rsquo;Orsay)&lt;strong&gt;\u00ab Reflets \u00bb&lt;\/strong&gt;&lt;strong&gt;&lt;a rel=&nbsp;&raquo;attachment wp-att-144&Prime; href=&nbsp;&raquo;http:\/\/hebergement.u-psud.fr\/photo-club.asso\/wordpress\/?attachment_id=144&Prime;&gt;&lt;img class=&nbsp;&raquo;alignnone size-medium wp-image-144&Prime; title=&nbsp;&raquo;reflet&nbsp;&raquo; src=&nbsp;&raquo;http:\/\/hebergement.u-psud.fr\/photo-club.asso\/wordpress\/wp-content\/uploads\/reflet-300&#215;225.jpg&nbsp;&raquo; alt=&nbsp;&raquo;&nbsp;&raquo; width=&nbsp;&raquo;300&Prime; height=&nbsp;&raquo;225&Prime; \/&gt;&lt;\/a&gt;<br \/>\n&lt;\/strong&gt;Photographies de Mich\u00e8le Hoffman&lt;em&gt;La ville de Castres dans le Tarn est b\u00e2tie le long de la rivi\u00e8re Agout\u2026&lt;\/em&gt;&lt;em&gt; Je vous propose un regard, \u00e0 travers le filtre de l\u2019Agout, sur l\u2019ancien quartier des tanneurs et des tisserands.&lt;\/em&gt;<\/div>\n","protected":false},"excerpt":{"rendered":"<p>Expo \u00e0 la BU d&rsquo;Orsay Du 23 avril au \u00a020 mai Le souvenir de l&rsquo;expo &#8212;&#8212;&#8212;&#8212;&#8212;&#8212;&#8212;&#8212;&#8212;&#8212;&#8212;&#8212;&#8212;&#8212;&#8212;&#8212;&#8212;&#8212;&#8212;&#8212;&#8212;&#8212;&#8212;&#8212;&#8212;&#8212;&#8212;&#8212;&#8212;&#8212;&#8212;&#8212;&#8212;&#8211; EXPO \u00e0 la BU d&rsquo;Orsay Le Photo-Club expose 74 photos L&rsquo;expo se tient du 1 f\u00e9vrier au 15 mars 2018 \u00e0 la Biblioth\u00e8que universitaire &hellip; <a href=\"https:\/\/www.photo-club.asso.universite-paris-saclay.fr\/?page_id=369\">Continuer la lecture <span class=\"meta-nav\">&rarr;<\/span><\/a><\/p>\n","protected":false},"author":1,"featured_media":0,"parent":0,"menu_order":0,"comment_status":"closed","ping_status":"closed","template":"","meta":[],"_links":{"self":[{"href":"https:\/\/www.photo-club.asso.universite-paris-saclay.fr\/index.php?rest_route=\/wp\/v2\/pages\/369"}],"collection":[{"href":"https:\/\/www.photo-club.asso.universite-paris-saclay.fr\/index.php?rest_route=\/wp\/v2\/pages"}],"about":[{"href":"https:\/\/www.photo-club.asso.universite-paris-saclay.fr\/index.php?rest_route=\/wp\/v2\/types\/page"}],"author":[{"embeddable":true,"href":"https:\/\/www.photo-club.asso.universite-paris-saclay.fr\/index.php?rest_route=\/wp\/v2\/users\/1"}],"replies":[{"embeddable":true,"href":"https:\/\/www.photo-club.asso.universite-paris-saclay.fr\/index.php?rest_route=%2Fwp%2Fv2%2Fcomments&post=369"}],"version-history":[{"count":33,"href":"https:\/\/www.photo-club.asso.universite-paris-saclay.fr\/index.php?rest_route=\/wp\/v2\/pages\/369\/revisions"}],"predecessor-version":[{"id":3445,"href":"https:\/\/www.photo-club.asso.universite-paris-saclay.fr\/index.php?rest_route=\/wp\/v2\/pages\/369\/revisions\/3445"}],"wp:attachment":[{"href":"https:\/\/www.photo-club.asso.universite-paris-saclay.fr\/index.php?rest_route=%2Fwp%2Fv2%2Fmedia&parent=369"}],"curies":[{"name":"wp","href":"https:\/\/api.w.org\/{rel}","templated":true}]}}