{"id":3505,"date":"2024-07-19T16:12:56","date_gmt":"2024-07-19T14:12:56","guid":{"rendered":"https:\/\/www.photo-club.asso.universite-paris-saclay.fr\/?page_id=3505"},"modified":"2024-07-19T18:18:34","modified_gmt":"2024-07-19T16:18:34","slug":"concours-photofolie-du-cnrs-2024","status":"publish","type":"page","link":"https:\/\/www.photo-club.asso.universite-paris-saclay.fr\/?page_id=3505","title":{"rendered":"Concours Photofolie du CNRS 2024"},"content":{"rendered":"\n<p>Bernard Laun\u00e9  obtient le premier prix du concours CAES 2024 avec le th\u00e8me <a href=\"https:\/\/www.caes.cnrs.fr\/evenements\/concours-national-photofolie-2024\/\" data-type=\"URL\" data-id=\"https:\/\/www.caes.cnrs.fr\/evenements\/concours-national-photofolie-2024\/\" target=\"_blank\" rel=\"noreferrer noopener\">&laquo;&nbsp;Sport en sc\u00e8ne&nbsp;&raquo; <\/a><\/p>\n\n\n\n<p>A votre avis, quelle photo a \u00e9t\u00e9 prim\u00e9e?<\/p>\n\n\n\n<p><a href=\"https:\/\/mag.caes.cnrs.fr\/decouvrez-les-laureats-du-concours-photofolie-2\/\" data-type=\"URL\" data-id=\"https:\/\/mag.caes.cnrs.fr\/decouvrez-les-laureats-du-concours-photofolie-2\/\" target=\"_blank\" rel=\"noreferrer noopener\">R\u00e9ponse \ud83d\ude09<\/a><\/p>\n\n\n\n<p><\/p>\n\n\n\n<figure class=\"wp-block-image size-large is-resized\"><img loading=\"lazy\" src=\"https:\/\/www.photo-club.asso.universite-paris-saclay.fr\/wp-content\/uploads\/velo-bercy-1024x764.jpg\" alt=\"\" class=\"wp-image-3507\" width=\"670\" height=\"499\" srcset=\"https:\/\/www.photo-club.asso.universite-paris-saclay.fr\/wp-content\/uploads\/velo-bercy-1024x764.jpg 1024w, https:\/\/www.photo-club.asso.universite-paris-saclay.fr\/wp-content\/uploads\/velo-bercy-300x224.jpg 300w, https:\/\/www.photo-club.asso.universite-paris-saclay.fr\/wp-content\/uploads\/velo-bercy-768x573.jpg 768w, https:\/\/www.photo-club.asso.universite-paris-saclay.fr\/wp-content\/uploads\/velo-bercy-1536x1145.jpg 1536w, https:\/\/www.photo-club.asso.universite-paris-saclay.fr\/wp-content\/uploads\/velo-bercy-2048x1527.jpg 2048w\" sizes=\"(max-width: 670px) 100vw, 670px\" \/><figcaption>Velo Bercy<\/figcaption><\/figure>\n\n\n\n<figure class=\"wp-block-image size-large is-resized\"><img loading=\"lazy\" src=\"https:\/\/www.photo-club.asso.universite-paris-saclay.fr\/wp-content\/uploads\/PlainesAbraham-724x1024.jpg\" alt=\"\" class=\"wp-image-3506\" width=\"671\" height=\"948\" srcset=\"https:\/\/www.photo-club.asso.universite-paris-saclay.fr\/wp-content\/uploads\/PlainesAbraham-724x1024.jpg 724w, https:\/\/www.photo-club.asso.universite-paris-saclay.fr\/wp-content\/uploads\/PlainesAbraham-212x300.jpg 212w, https:\/\/www.photo-club.asso.universite-paris-saclay.fr\/wp-content\/uploads\/PlainesAbraham.jpg 1000w\" sizes=\"(max-width: 671px) 100vw, 671px\" \/><figcaption>Plaines Abraham<\/figcaption><\/figure>\n\n\n\n<figure class=\"wp-block-image size-large is-resized\"><img loading=\"lazy\" src=\"https:\/\/www.photo-club.asso.universite-paris-saclay.fr\/wp-content\/uploads\/VoiesurbergeParis-724x1024.jpg\" alt=\"\" class=\"wp-image-3508\" width=\"672\" height=\"950\" srcset=\"https:\/\/www.photo-club.asso.universite-paris-saclay.fr\/wp-content\/uploads\/VoiesurbergeParis-724x1024.jpg 724w, https:\/\/www.photo-club.asso.universite-paris-saclay.fr\/wp-content\/uploads\/VoiesurbergeParis-212x300.jpg 212w, https:\/\/www.photo-club.asso.universite-paris-saclay.fr\/wp-content\/uploads\/VoiesurbergeParis-768x1087.jpg 768w, https:\/\/www.photo-club.asso.universite-paris-saclay.fr\/wp-content\/uploads\/VoiesurbergeParis.jpg 1000w\" sizes=\"(max-width: 672px) 100vw, 672px\" \/><figcaption>Voie sur berge Paris<\/figcaption><\/figure>\n\n\n\n<p><\/p>\n","protected":false},"excerpt":{"rendered":"<p>Bernard Laun\u00e9 obtient le premier prix du concours CAES 2024 avec le th\u00e8me &laquo;&nbsp;Sport en sc\u00e8ne&nbsp;&raquo; A votre avis, quelle photo a \u00e9t\u00e9 prim\u00e9e? R\u00e9ponse \ud83d\ude09<\/p>\n","protected":false},"author":1,"featured_media":0,"parent":0,"menu_order":0,"comment_status":"closed","ping_status":"closed","template":"","meta":[],"_links":{"self":[{"href":"https:\/\/www.photo-club.asso.universite-paris-saclay.fr\/index.php?rest_route=\/wp\/v2\/pages\/3505"}],"collection":[{"href":"https:\/\/www.photo-club.asso.universite-paris-saclay.fr\/index.php?rest_route=\/wp\/v2\/pages"}],"about":[{"href":"https:\/\/www.photo-club.asso.universite-paris-saclay.fr\/index.php?rest_route=\/wp\/v2\/types\/page"}],"author":[{"embeddable":true,"href":"https:\/\/www.photo-club.asso.universite-paris-saclay.fr\/index.php?rest_route=\/wp\/v2\/users\/1"}],"replies":[{"embeddable":true,"href":"https:\/\/www.photo-club.asso.universite-paris-saclay.fr\/index.php?rest_route=%2Fwp%2Fv2%2Fcomments&post=3505"}],"version-history":[{"count":4,"href":"https:\/\/www.photo-club.asso.universite-paris-saclay.fr\/index.php?rest_route=\/wp\/v2\/pages\/3505\/revisions"}],"predecessor-version":[{"id":3525,"href":"https:\/\/www.photo-club.asso.universite-paris-saclay.fr\/index.php?rest_route=\/wp\/v2\/pages\/3505\/revisions\/3525"}],"wp:attachment":[{"href":"https:\/\/www.photo-club.asso.universite-paris-saclay.fr\/index.php?rest_route=%2Fwp%2Fv2%2Fmedia&parent=3505"}],"curies":[{"name":"wp","href":"https:\/\/api.w.org\/{rel}","templated":true}]}}