{"id":3413,"date":"2024-05-07T17:16:05","date_gmt":"2024-05-07T15:16:05","guid":{"rendered":"https:\/\/www.photo-club.asso.universite-paris-saclay.fr\/?page_id=3413"},"modified":"2024-05-07T17:24:53","modified_gmt":"2024-05-07T15:24:53","slug":"expo-bu-avril-mai-2024","status":"publish","type":"page","link":"https:\/\/www.photo-club.asso.universite-paris-saclay.fr\/?page_id=3413","title":{"rendered":"Expo BU avril-mai 2024"},"content":{"rendered":"\n<p>Participants : <\/p>\n\n\n\n<p>Serge \u00c9quilbey, Elena Carvajal, Christien Chalme, Bernard Laun\u00e9, \u00c9ric Plaige, Yuri Yacovlev. <\/p>\n\n\n\n<figure class=\"wp-block-gallery has-nested-images columns-default is-cropped\">\n<figure class=\"wp-block-image size-large\"><img loading=\"lazy\" width=\"1024\" height=\"423\" data-id=\"3417\"  src=\"https:\/\/www.photo-club.asso.universite-paris-saclay.fr\/wp-content\/uploads\/20240422_114535-1024x423.jpg\" alt=\"\" class=\"wp-image-3417\" srcset=\"https:\/\/www.photo-club.asso.universite-paris-saclay.fr\/wp-content\/uploads\/20240422_114535-1024x423.jpg 1024w, https:\/\/www.photo-club.asso.universite-paris-saclay.fr\/wp-content\/uploads\/20240422_114535-300x124.jpg 300w, https:\/\/www.photo-club.asso.universite-paris-saclay.fr\/wp-content\/uploads\/20240422_114535-768x318.jpg 768w, https:\/\/www.photo-club.asso.universite-paris-saclay.fr\/wp-content\/uploads\/20240422_114535-1536x635.jpg 1536w, https:\/\/www.photo-club.asso.universite-paris-saclay.fr\/wp-content\/uploads\/20240422_114535-2048x847.jpg 2048w\" sizes=\"(max-width: 1024px) 100vw, 1024px\" \/><\/figure>\n\n\n\n<figure class=\"wp-block-image size-large\"><img loading=\"lazy\" width=\"1024\" height=\"484\" data-id=\"3418\"  src=\"https:\/\/www.photo-club.asso.universite-paris-saclay.fr\/wp-content\/uploads\/20240422_114546-1024x484.jpg\" alt=\"\" class=\"wp-image-3418\" srcset=\"https:\/\/www.photo-club.asso.universite-paris-saclay.fr\/wp-content\/uploads\/20240422_114546-1024x484.jpg 1024w, https:\/\/www.photo-club.asso.universite-paris-saclay.fr\/wp-content\/uploads\/20240422_114546-300x142.jpg 300w, https:\/\/www.photo-club.asso.universite-paris-saclay.fr\/wp-content\/uploads\/20240422_114546-768x363.jpg 768w, https:\/\/www.photo-club.asso.universite-paris-saclay.fr\/wp-content\/uploads\/20240422_114546-1536x727.jpg 1536w, https:\/\/www.photo-club.asso.universite-paris-saclay.fr\/wp-content\/uploads\/20240422_114546.jpg 1797w\" sizes=\"(max-width: 1024px) 100vw, 1024px\" \/><\/figure>\n\n\n\n<figure class=\"wp-block-image size-large\"><img loading=\"lazy\" width=\"1024\" height=\"798\" data-id=\"3414\"  src=\"https:\/\/www.photo-club.asso.universite-paris-saclay.fr\/wp-content\/uploads\/20240422_114555-1024x798.jpg\" alt=\"\" class=\"wp-image-3414\" srcset=\"https:\/\/www.photo-club.asso.universite-paris-saclay.fr\/wp-content\/uploads\/20240422_114555-1024x798.jpg 1024w, https:\/\/www.photo-club.asso.universite-paris-saclay.fr\/wp-content\/uploads\/20240422_114555-300x234.jpg 300w, https:\/\/www.photo-club.asso.universite-paris-saclay.fr\/wp-content\/uploads\/20240422_114555-768x598.jpg 768w, https:\/\/www.photo-club.asso.universite-paris-saclay.fr\/wp-content\/uploads\/20240422_114555.jpg 1091w\" sizes=\"(max-width: 1024px) 100vw, 1024px\" \/><\/figure>\n\n\n\n<figure class=\"wp-block-image size-large\"><img loading=\"lazy\" width=\"1024\" height=\"822\" data-id=\"3419\"  src=\"https:\/\/www.photo-club.asso.universite-paris-saclay.fr\/wp-content\/uploads\/20240422_114558-1024x822.jpg\" alt=\"\" class=\"wp-image-3419\" srcset=\"https:\/\/www.photo-club.asso.universite-paris-saclay.fr\/wp-content\/uploads\/20240422_114558-1024x822.jpg 1024w, https:\/\/www.photo-club.asso.universite-paris-saclay.fr\/wp-content\/uploads\/20240422_114558-300x241.jpg 300w, https:\/\/www.photo-club.asso.universite-paris-saclay.fr\/wp-content\/uploads\/20240422_114558-768x616.jpg 768w, https:\/\/www.photo-club.asso.universite-paris-saclay.fr\/wp-content\/uploads\/20240422_114558.jpg 1059w\" sizes=\"(max-width: 1024px) 100vw, 1024px\" \/><\/figure>\n\n\n\n<figure class=\"wp-block-image size-large\"><img loading=\"lazy\" width=\"1024\" height=\"828\" data-id=\"3415\"  src=\"https:\/\/www.photo-club.asso.universite-paris-saclay.fr\/wp-content\/uploads\/20240422_114603-1024x828.jpg\" alt=\"\" class=\"wp-image-3415\" srcset=\"https:\/\/www.photo-club.asso.universite-paris-saclay.fr\/wp-content\/uploads\/20240422_114603-1024x828.jpg 1024w, https:\/\/www.photo-club.asso.universite-paris-saclay.fr\/wp-content\/uploads\/20240422_114603-300x243.jpg 300w, https:\/\/www.photo-club.asso.universite-paris-saclay.fr\/wp-content\/uploads\/20240422_114603-768x621.jpg 768w, https:\/\/www.photo-club.asso.universite-paris-saclay.fr\/wp-content\/uploads\/20240422_114603.jpg 1051w\" sizes=\"(max-width: 1024px) 100vw, 1024px\" \/><\/figure>\n\n\n\n<figure class=\"wp-block-image size-large\"><img loading=\"lazy\" width=\"690\" height=\"1024\" data-id=\"3416\"  src=\"https:\/\/www.photo-club.asso.universite-paris-saclay.fr\/wp-content\/uploads\/20240422_114610-690x1024.jpg\" alt=\"\" class=\"wp-image-3416\" srcset=\"https:\/\/www.photo-club.asso.universite-paris-saclay.fr\/wp-content\/uploads\/20240422_114610-690x1024.jpg 690w, https:\/\/www.photo-club.asso.universite-paris-saclay.fr\/wp-content\/uploads\/20240422_114610-202x300.jpg 202w, https:\/\/www.photo-club.asso.universite-paris-saclay.fr\/wp-content\/uploads\/20240422_114610-768x1139.jpg 768w, https:\/\/www.photo-club.asso.universite-paris-saclay.fr\/wp-content\/uploads\/20240422_114610.jpg 850w\" sizes=\"(max-width: 690px) 100vw, 690px\" \/><\/figure>\n\n\n\n<figure class=\"wp-block-image size-large\"><img loading=\"lazy\" width=\"605\" height=\"805\" data-id=\"3421\"  src=\"https:\/\/www.photo-club.asso.universite-paris-saclay.fr\/wp-content\/uploads\/20240422_114619.jpg\" alt=\"\" class=\"wp-image-3421\" srcset=\"https:\/\/www.photo-club.asso.universite-paris-saclay.fr\/wp-content\/uploads\/20240422_114619.jpg 605w, https:\/\/www.photo-club.asso.universite-paris-saclay.fr\/wp-content\/uploads\/20240422_114619-225x300.jpg 225w\" sizes=\"(max-width: 605px) 100vw, 605px\" \/><\/figure>\n\n\n\n<figure class=\"wp-block-image size-large\"><img loading=\"lazy\" width=\"1024\" height=\"454\" data-id=\"3420\"  src=\"https:\/\/www.photo-club.asso.universite-paris-saclay.fr\/wp-content\/uploads\/20240422_114626-1024x454.jpg\" alt=\"\" class=\"wp-image-3420\" srcset=\"https:\/\/www.photo-club.asso.universite-paris-saclay.fr\/wp-content\/uploads\/20240422_114626-1024x454.jpg 1024w, https:\/\/www.photo-club.asso.universite-paris-saclay.fr\/wp-content\/uploads\/20240422_114626-300x133.jpg 300w, https:\/\/www.photo-club.asso.universite-paris-saclay.fr\/wp-content\/uploads\/20240422_114626-768x341.jpg 768w, https:\/\/www.photo-club.asso.universite-paris-saclay.fr\/wp-content\/uploads\/20240422_114626.jpg 1416w\" sizes=\"(max-width: 1024px) 100vw, 1024px\" \/><\/figure>\n\n\n\n<figure class=\"wp-block-image size-large\"><img loading=\"lazy\" width=\"1024\" height=\"506\" data-id=\"3422\"  src=\"https:\/\/www.photo-club.asso.universite-paris-saclay.fr\/wp-content\/uploads\/20240422_114633-1024x506.jpg\" alt=\"\" class=\"wp-image-3422\" srcset=\"https:\/\/www.photo-club.asso.universite-paris-saclay.fr\/wp-content\/uploads\/20240422_114633-1024x506.jpg 1024w, https:\/\/www.photo-club.asso.universite-paris-saclay.fr\/wp-content\/uploads\/20240422_114633-300x148.jpg 300w, https:\/\/www.photo-club.asso.universite-paris-saclay.fr\/wp-content\/uploads\/20240422_114633-768x379.jpg 768w, https:\/\/www.photo-club.asso.universite-paris-saclay.fr\/wp-content\/uploads\/20240422_114633-1536x759.jpg 1536w, https:\/\/www.photo-club.asso.universite-paris-saclay.fr\/wp-content\/uploads\/20240422_114633.jpg 1583w\" sizes=\"(max-width: 1024px) 100vw, 1024px\" \/><\/figure>\n\n\n\n<figure class=\"wp-block-image size-large\"><img loading=\"lazy\" width=\"1024\" height=\"365\" data-id=\"3423\"  src=\"https:\/\/www.photo-club.asso.universite-paris-saclay.fr\/wp-content\/uploads\/20240422_114647-1024x365.jpg\" alt=\"\" class=\"wp-image-3423\" srcset=\"https:\/\/www.photo-club.asso.universite-paris-saclay.fr\/wp-content\/uploads\/20240422_114647-1024x365.jpg 1024w, https:\/\/www.photo-club.asso.universite-paris-saclay.fr\/wp-content\/uploads\/20240422_114647-300x107.jpg 300w, https:\/\/www.photo-club.asso.universite-paris-saclay.fr\/wp-content\/uploads\/20240422_114647-768x273.jpg 768w, https:\/\/www.photo-club.asso.universite-paris-saclay.fr\/wp-content\/uploads\/20240422_114647.jpg 1435w\" sizes=\"(max-width: 1024px) 100vw, 1024px\" \/><\/figure>\n\n\n\n<figure class=\"wp-block-image size-large\"><img loading=\"lazy\" width=\"1024\" height=\"475\" data-id=\"3424\"  src=\"https:\/\/www.photo-club.asso.universite-paris-saclay.fr\/wp-content\/uploads\/20240422_114652-1024x475.jpg\" alt=\"\" class=\"wp-image-3424\" srcset=\"https:\/\/www.photo-club.asso.universite-paris-saclay.fr\/wp-content\/uploads\/20240422_114652-1024x475.jpg 1024w, https:\/\/www.photo-club.asso.universite-paris-saclay.fr\/wp-content\/uploads\/20240422_114652-300x139.jpg 300w, https:\/\/www.photo-club.asso.universite-paris-saclay.fr\/wp-content\/uploads\/20240422_114652-768x356.jpg 768w, https:\/\/www.photo-club.asso.universite-paris-saclay.fr\/wp-content\/uploads\/20240422_114652.jpg 1484w\" sizes=\"(max-width: 1024px) 100vw, 1024px\" \/><\/figure>\n\n\n\n<figure class=\"wp-block-image size-large\"><img loading=\"lazy\" width=\"1024\" height=\"684\" data-id=\"3425\"  src=\"https:\/\/www.photo-club.asso.universite-paris-saclay.fr\/wp-content\/uploads\/20240422_114716-1024x684.jpg\" alt=\"\" class=\"wp-image-3425\" srcset=\"https:\/\/www.photo-club.asso.universite-paris-saclay.fr\/wp-content\/uploads\/20240422_114716-1024x684.jpg 1024w, https:\/\/www.photo-club.asso.universite-paris-saclay.fr\/wp-content\/uploads\/20240422_114716-300x200.jpg 300w, https:\/\/www.photo-club.asso.universite-paris-saclay.fr\/wp-content\/uploads\/20240422_114716-768x513.jpg 768w, https:\/\/www.photo-club.asso.universite-paris-saclay.fr\/wp-content\/uploads\/20240422_114716.jpg 1363w\" sizes=\"(max-width: 1024px) 100vw, 1024px\" \/><\/figure>\n\n\n\n<figure class=\"wp-block-image size-large\"><img loading=\"lazy\" width=\"1024\" height=\"499\" data-id=\"3426\"  src=\"https:\/\/www.photo-club.asso.universite-paris-saclay.fr\/wp-content\/uploads\/20240422_114725-1024x499.jpg\" alt=\"\" class=\"wp-image-3426\" srcset=\"https:\/\/www.photo-club.asso.universite-paris-saclay.fr\/wp-content\/uploads\/20240422_114725-1024x499.jpg 1024w, https:\/\/www.photo-club.asso.universite-paris-saclay.fr\/wp-content\/uploads\/20240422_114725-300x146.jpg 300w, https:\/\/www.photo-club.asso.universite-paris-saclay.fr\/wp-content\/uploads\/20240422_114725-768x374.jpg 768w, https:\/\/www.photo-club.asso.universite-paris-saclay.fr\/wp-content\/uploads\/20240422_114725-1536x748.jpg 1536w, https:\/\/www.photo-club.asso.universite-paris-saclay.fr\/wp-content\/uploads\/20240422_114725.jpg 1868w\" sizes=\"(max-width: 1024px) 100vw, 1024px\" \/><\/figure>\n\n\n\n<figure class=\"wp-block-image size-large\"><img loading=\"lazy\" width=\"1024\" height=\"505\" data-id=\"3427\"  src=\"https:\/\/www.photo-club.asso.universite-paris-saclay.fr\/wp-content\/uploads\/20240422_114733-1024x505.jpg\" alt=\"\" class=\"wp-image-3427\" srcset=\"https:\/\/www.photo-club.asso.universite-paris-saclay.fr\/wp-content\/uploads\/20240422_114733-1024x505.jpg 1024w, https:\/\/www.photo-club.asso.universite-paris-saclay.fr\/wp-content\/uploads\/20240422_114733-300x148.jpg 300w, https:\/\/www.photo-club.asso.universite-paris-saclay.fr\/wp-content\/uploads\/20240422_114733-768x379.jpg 768w, https:\/\/www.photo-club.asso.universite-paris-saclay.fr\/wp-content\/uploads\/20240422_114733-1536x757.jpg 1536w, https:\/\/www.photo-club.asso.universite-paris-saclay.fr\/wp-content\/uploads\/20240422_114733.jpg 1724w\" sizes=\"(max-width: 1024px) 100vw, 1024px\" \/><\/figure>\n<\/figure>\n","protected":false},"excerpt":{"rendered":"<p>Participants : Serge \u00c9quilbey, Elena Carvajal, Christien Chalme, Bernard Laun\u00e9, \u00c9ric Plaige, Yuri Yacovlev.<\/p>\n","protected":false},"author":1,"featured_media":0,"parent":0,"menu_order":0,"comment_status":"closed","ping_status":"closed","template":"","meta":[],"_links":{"self":[{"href":"https:\/\/www.photo-club.asso.universite-paris-saclay.fr\/index.php?rest_route=\/wp\/v2\/pages\/3413"}],"collection":[{"href":"https:\/\/www.photo-club.asso.universite-paris-saclay.fr\/index.php?rest_route=\/wp\/v2\/pages"}],"about":[{"href":"https:\/\/www.photo-club.asso.universite-paris-saclay.fr\/index.php?rest_route=\/wp\/v2\/types\/page"}],"author":[{"embeddable":true,"href":"https:\/\/www.photo-club.asso.universite-paris-saclay.fr\/index.php?rest_route=\/wp\/v2\/users\/1"}],"replies":[{"embeddable":true,"href":"https:\/\/www.photo-club.asso.universite-paris-saclay.fr\/index.php?rest_route=%2Fwp%2Fv2%2Fcomments&post=3413"}],"version-history":[{"count":2,"href":"https:\/\/www.photo-club.asso.universite-paris-saclay.fr\/index.php?rest_route=\/wp\/v2\/pages\/3413\/revisions"}],"predecessor-version":[{"id":3434,"href":"https:\/\/www.photo-club.asso.universite-paris-saclay.fr\/index.php?rest_route=\/wp\/v2\/pages\/3413\/revisions\/3434"}],"wp:attachment":[{"href":"https:\/\/www.photo-club.asso.universite-paris-saclay.fr\/index.php?rest_route=%2Fwp%2Fv2%2Fmedia&parent=3413"}],"curies":[{"name":"wp","href":"https:\/\/api.w.org\/{rel}","templated":true}]}}