{"id":339,"date":"2013-09-16T19:03:15","date_gmt":"2013-09-16T17:03:15","guid":{"rendered":"http:\/\/hebergement.u-psud.fr\/photo-club.asso\/wordpress\/?page_id=339"},"modified":"2025-06-08T16:26:32","modified_gmt":"2025-06-08T14:26:32","slug":"les-images-des-membres-du-photoclub","status":"publish","type":"page","link":"https:\/\/www.photo-club.asso.universite-paris-saclay.fr\/?page_id=339","title":{"rendered":"Les images des membres"},"content":{"rendered":"<p>Carvajal Elena<\/p>\n<table style=\"height: 920px;\" width=\"649\">\n<tbody>\n<tr>\n<th>\n<div id=\"attachment_3130\" style=\"width: 171px\" class=\"wp-caption alignright\"><a href=\"https:\/\/www.photo-club.asso.universite-paris-saclay.fr\/wp-content\/uploads\/Papotage-entre-mouettes-scaled.jpg\"><img aria-describedby=\"caption-attachment-3130\" loading=\"lazy\" class=\" wp-image-3130\" src=\"https:\/\/www.photo-club.asso.universite-paris-saclay.fr\/wp-content\/uploads\/Papotage-entre-mouettes-1024x683.jpg\" alt=\"\" width=\"161\" height=\"107\" srcset=\"https:\/\/www.photo-club.asso.universite-paris-saclay.fr\/wp-content\/uploads\/Papotage-entre-mouettes-1024x683.jpg 1024w, https:\/\/www.photo-club.asso.universite-paris-saclay.fr\/wp-content\/uploads\/Papotage-entre-mouettes-300x200.jpg 300w, https:\/\/www.photo-club.asso.universite-paris-saclay.fr\/wp-content\/uploads\/Papotage-entre-mouettes-768x513.jpg 768w, https:\/\/www.photo-club.asso.universite-paris-saclay.fr\/wp-content\/uploads\/Papotage-entre-mouettes-1536x1025.jpg 1536w, https:\/\/www.photo-club.asso.universite-paris-saclay.fr\/wp-content\/uploads\/Papotage-entre-mouettes-2048x1367.jpg 2048w\" sizes=\"(max-width: 161px) 100vw, 161px\" \/><\/a><p id=\"caption-attachment-3130\" class=\"wp-caption-text\">Papotage et racontars<\/p><\/div>\n<p>\u00a0<\/p>\n<p>\u00a0<\/p>\n<div id=\"attachment_3133\" style=\"width: 102px\" class=\"wp-caption alignleft\"><a href=\"https:\/\/www.photo-club.asso.universite-paris-saclay.fr\/wp-content\/uploads\/ECD_2154-scaled.jpg\" target=\"_blank\" rel=\"noopener\"><img aria-describedby=\"caption-attachment-3133\" loading=\"lazy\" class=\"wp-image-3133\" title=\"Composition (entre mes lignes)\" src=\"https:\/\/www.photo-club.asso.universite-paris-saclay.fr\/wp-content\/uploads\/ECD_2154-683x1024.jpg\" alt=\"\" width=\"92\" height=\"138\" srcset=\"https:\/\/www.photo-club.asso.universite-paris-saclay.fr\/wp-content\/uploads\/ECD_2154-683x1024.jpg 683w, https:\/\/www.photo-club.asso.universite-paris-saclay.fr\/wp-content\/uploads\/ECD_2154-200x300.jpg 200w, https:\/\/www.photo-club.asso.universite-paris-saclay.fr\/wp-content\/uploads\/ECD_2154-768x1151.jpg 768w, https:\/\/www.photo-club.asso.universite-paris-saclay.fr\/wp-content\/uploads\/ECD_2154-1025x1536.jpg 1025w, https:\/\/www.photo-club.asso.universite-paris-saclay.fr\/wp-content\/uploads\/ECD_2154-1367x2048.jpg 1367w, https:\/\/www.photo-club.asso.universite-paris-saclay.fr\/wp-content\/uploads\/ECD_2154-scaled.jpg 1709w\" sizes=\"(max-width: 92px) 100vw, 92px\" \/><\/a><p id=\"caption-attachment-3133\" class=\"wp-caption-text\">Composition (entre mes lignes)<\/p><\/div>\n<div id=\"attachment_3134\" style=\"width: 315px\" class=\"wp-caption alignleft\"><a href=\"https:\/\/www.photo-club.asso.universite-paris-saclay.fr\/wp-content\/uploads\/Lumiere-noir-scaled.jpg\"><img aria-describedby=\"caption-attachment-3134\" loading=\"lazy\" class=\" wp-image-3134\" src=\"https:\/\/www.photo-club.asso.universite-paris-saclay.fr\/wp-content\/uploads\/Lumiere-noir-1024x683.jpg\" alt=\"\" width=\"305\" height=\"203\" srcset=\"https:\/\/www.photo-club.asso.universite-paris-saclay.fr\/wp-content\/uploads\/Lumiere-noir-1024x683.jpg 1024w, https:\/\/www.photo-club.asso.universite-paris-saclay.fr\/wp-content\/uploads\/Lumiere-noir-300x200.jpg 300w, https:\/\/www.photo-club.asso.universite-paris-saclay.fr\/wp-content\/uploads\/Lumiere-noir-768x513.jpg 768w, https:\/\/www.photo-club.asso.universite-paris-saclay.fr\/wp-content\/uploads\/Lumiere-noir-1536x1025.jpg 1536w, https:\/\/www.photo-club.asso.universite-paris-saclay.fr\/wp-content\/uploads\/Lumiere-noir-2048x1367.jpg 2048w\" sizes=\"(max-width: 305px) 100vw, 305px\" \/><\/a><p id=\"caption-attachment-3134\" class=\"wp-caption-text\">Lumi\u00e8re noir<\/p><\/div>\n<\/th>\n<\/tr>\n<\/tbody>\n<\/table>\n<p>Chalm\u00e9 Christian<\/p>\n<table>\n<tbody>\n<tr>\n<th>\n<p><a href=\"https:\/\/www.photo-club.asso.universite-paris-saclay.fr\/wp-content\/uploads\/IMG_9974_cormoran_A4.jpg\" rel=\"attachment wp-att-482\"><img loading=\"lazy\" class=\"wp-image-3600  alignright\" title=\"Steno-Baux-de-provence\" src=\"https:\/\/www.photo-club.asso.universite-paris-saclay.fr\/wp-content\/uploads\/IMG_9974_cormoran_A4.jpg\" alt=\"\" width=\"334\" height=\"255\" srcset=\"https:\/\/www.photo-club.asso.universite-paris-saclay.fr\/wp-content\/uploads\/IMG_9974_cormoran_A4.jpg 850w, https:\/\/www.photo-club.asso.universite-paris-saclay.fr\/wp-content\/uploads\/IMG_9974_cormoran_A4-300x229.jpg 300w, https:\/\/www.photo-club.asso.universite-paris-saclay.fr\/wp-content\/uploads\/IMG_9974_cormoran_A4-768x587.jpg 768w\" sizes=\"(max-width: 334px) 100vw, 334px\" \/><\/a><\/p>\n<br \/><br \/>\n<p><a href=\"https:\/\/www.photo-club.asso.universite-paris-saclay.fr\/wp-content\/uploads\/IMG_7313-calopterix-vierge_A4_72-DPI.jpg\" rel=\"attachment wp-att-454\"><img loading=\"lazy\" class=\"wp-image-3599  alignleft\" title=\"Collage-Wallace\" src=\"https:\/\/www.photo-club.asso.universite-paris-saclay.fr\/wp-content\/uploads\/IMG_7313-calopterix-vierge_A4_72-DPI.jpg\" alt=\"\" width=\"519\" height=\"346\" srcset=\"https:\/\/www.photo-club.asso.universite-paris-saclay.fr\/wp-content\/uploads\/IMG_7313-calopterix-vierge_A4_72-DPI.jpg 851w, https:\/\/www.photo-club.asso.universite-paris-saclay.fr\/wp-content\/uploads\/IMG_7313-calopterix-vierge_A4_72-DPI-300x200.jpg 300w, https:\/\/www.photo-club.asso.universite-paris-saclay.fr\/wp-content\/uploads\/IMG_7313-calopterix-vierge_A4_72-DPI-768x512.jpg 768w\" sizes=\"(max-width: 519px) 100vw, 519px\" \/><\/a><\/p>\n<br \/><br \/>\n<p><a href=\"https:\/\/www.photo-club.asso.universite-paris-saclay.fr\/wp-content\/uploads\/IMG_5706_Robert-le-diable-A4.jpg\" rel=\"attachment wp-att-452\"><img loading=\"lazy\" class=\"wp-image-3597  alignright\" title=\"Projection-Soja\" src=\"https:\/\/www.photo-club.asso.universite-paris-saclay.fr\/wp-content\/uploads\/IMG_5706_Robert-le-diable-A4.jpg\" alt=\"\" width=\"440\" height=\"294\" srcset=\"https:\/\/www.photo-club.asso.universite-paris-saclay.fr\/wp-content\/uploads\/IMG_5706_Robert-le-diable-A4.jpg 850w, https:\/\/www.photo-club.asso.universite-paris-saclay.fr\/wp-content\/uploads\/IMG_5706_Robert-le-diable-A4-300x200.jpg 300w, https:\/\/www.photo-club.asso.universite-paris-saclay.fr\/wp-content\/uploads\/IMG_5706_Robert-le-diable-A4-768x512.jpg 768w\" sizes=\"(max-width: 440px) 100vw, 440px\" \/><\/a><\/p>\n<\/th>\n<\/tr>\n<\/tbody>\n<\/table>\n<p>Equilbey Serge<\/p>\n<table>\n<tbody>\n<tr>\n<th>\n<div id=\"attachment_482\" style=\"width: 256px\" class=\"wp-caption alignright\"><a href=\"https:\/\/www.photo-club.asso.universite-paris-saclay.fr\/wp-content\/uploads\/DSC_6210-copie.jpeg\" rel=\"attachment wp-att-482\"><img aria-describedby=\"caption-attachment-482\" loading=\"lazy\" class=\"wp-image-3010 alignright\" title=\"Steno-Baux-de-provence\" src=\"https:\/\/www.photo-club.asso.universite-paris-saclay.fr\/wp-content\/uploads\/DSC_6210-copie.jpeg\" alt=\"\" width=\"246\" height=\"327\" srcset=\"https:\/\/www.photo-club.asso.universite-paris-saclay.fr\/wp-content\/uploads\/DSC_6210-copie.jpeg 480w, https:\/\/www.photo-club.asso.universite-paris-saclay.fr\/wp-content\/uploads\/DSC_6210-copie-226x300.jpeg 226w\" sizes=\"(max-width: 246px) 100vw, 246px\" \/><\/a><p id=\"caption-attachment-482\" class=\"wp-caption-text\">________<\/p><\/div>\n<br \/><br \/>\n<div id=\"attachment_454\" style=\"width: 225px\" class=\"wp-caption alignleft\"><a href=\"https:\/\/www.photo-club.asso.universite-paris-saclay.fr\/wp-content\/uploads\/DSC00186-copie.jpeg\" rel=\"attachment wp-att-454\"><img aria-describedby=\"caption-attachment-454\" loading=\"lazy\" class=\"wp-image-3012 alignnone\" title=\"Collage-Wallace\" src=\"https:\/\/www.photo-club.asso.universite-paris-saclay.fr\/wp-content\/uploads\/DSC00186-copie.jpeg\" alt=\"\" width=\"215\" height=\"322\" srcset=\"https:\/\/www.photo-club.asso.universite-paris-saclay.fr\/wp-content\/uploads\/DSC00186-copie.jpeg 427w, https:\/\/www.photo-club.asso.universite-paris-saclay.fr\/wp-content\/uploads\/DSC00186-copie-200x300.jpeg 200w\" sizes=\"(max-width: 215px) 100vw, 215px\" \/><\/a><p id=\"caption-attachment-454\" class=\"wp-caption-text\">______<\/p><\/div>\n<br \/><br \/>\n<div id=\"attachment_452\" style=\"width: 411px\" class=\"wp-caption aligncenter\"><a href=\"https:\/\/www.photo-club.asso.universite-paris-saclay.fr\/wp-content\/uploads\/Dialogue-copie.jpeg\" rel=\"attachment wp-att-452\"><img aria-describedby=\"caption-attachment-452\" loading=\"lazy\" class=\"wp-image-3011  alignleft\" title=\"Projection-Soja\" src=\"https:\/\/www.photo-club.asso.universite-paris-saclay.fr\/wp-content\/uploads\/Dialogue-copie.jpeg\" alt=\"\" width=\"401\" height=\"535\" srcset=\"https:\/\/www.photo-club.asso.universite-paris-saclay.fr\/wp-content\/uploads\/Dialogue-copie.jpeg 480w, https:\/\/www.photo-club.asso.universite-paris-saclay.fr\/wp-content\/uploads\/Dialogue-copie-225x300.jpeg 225w\" sizes=\"(max-width: 401px) 100vw, 401px\" \/><\/a><p id=\"caption-attachment-452\" class=\"wp-caption-text\">Dialogue<\/p><\/div>\n<\/th>\n<\/tr>\n<\/tbody>\n<\/table>\n<p>Guilland Jean-Fra\u00e7ois<\/p>\n<table>\n<tbody>\n<tr>\n<th>\n<div id=\"attachment_506\" style=\"width: 224px\" class=\"wp-caption aligncenter\"><a href=\"http:\/\/hebergement.u-psud.fr\/photo-club.asso\/wordpress\/?attachment_id=506\" rel=\"attachment wp-att-506\"><img aria-describedby=\"caption-attachment-506\" loading=\"lazy\" class=\"wp-image-506 size-medium\" title=\"Homme-a-Sonepur\" src=\"https:\/\/www.photo-club.asso.universite-paris-saclay.fr\/wp-content\/uploads\/Homme-a-Sonepur-214x300.jpg\" alt=\"\" width=\"214\" height=\"300\" srcset=\"https:\/\/www.photo-club.asso.universite-paris-saclay.fr\/wp-content\/uploads\/Homme-a-Sonepur-214x300.jpg 214w, https:\/\/www.photo-club.asso.universite-paris-saclay.fr\/wp-content\/uploads\/Homme-a-Sonepur-731x1024.jpg 731w, https:\/\/www.photo-club.asso.universite-paris-saclay.fr\/wp-content\/uploads\/Homme-a-Sonepur.jpg 857w\" sizes=\"(max-width: 214px) 100vw, 214px\" \/><\/a><p id=\"caption-attachment-506\" class=\"wp-caption-text\">____<\/p><\/div>\n<\/th>\n<th>\n<div id=\"attachment_507\" style=\"width: 226px\" class=\"wp-caption aligncenter\"><a href=\"http:\/\/hebergement.u-psud.fr\/photo-club.asso\/wordpress\/?attachment_id=507\" rel=\"attachment wp-att-507\"><img aria-describedby=\"caption-attachment-507\" loading=\"lazy\" class=\"wp-image-507 size-medium\" title=\"Maternite-Inde\" src=\"https:\/\/www.photo-club.asso.universite-paris-saclay.fr\/wp-content\/uploads\/Maternite-Inde-216x300.jpg\" alt=\"\" width=\"216\" height=\"300\" srcset=\"https:\/\/www.photo-club.asso.universite-paris-saclay.fr\/wp-content\/uploads\/Maternite-Inde-216x300.jpg 216w, https:\/\/www.photo-club.asso.universite-paris-saclay.fr\/wp-content\/uploads\/Maternite-Inde-737x1024.jpg 737w, https:\/\/www.photo-club.asso.universite-paris-saclay.fr\/wp-content\/uploads\/Maternite-Inde.jpg 864w\" sizes=\"(max-width: 216px) 100vw, 216px\" \/><\/a><p id=\"caption-attachment-507\" class=\"wp-caption-text\">_____<\/p><\/div>\n<\/th>\n<th>\n<div id=\"attachment_508\" style=\"width: 222px\" class=\"wp-caption aligncenter\"><a href=\"http:\/\/hebergement.u-psud.fr\/photo-club.asso\/wordpress\/?attachment_id=508\" rel=\"attachment wp-att-508\"><img aria-describedby=\"caption-attachment-508\" loading=\"lazy\" class=\"wp-image-508 size-medium\" title=\"inde-Vieux-en-Bianc--\" src=\"https:\/\/www.photo-club.asso.universite-paris-saclay.fr\/wp-content\/uploads\/inde-Vieux-en-Bianc--212x300.jpg\" alt=\"\" width=\"212\" height=\"300\" srcset=\"https:\/\/www.photo-club.asso.universite-paris-saclay.fr\/wp-content\/uploads\/inde-Vieux-en-Bianc--212x300.jpg 212w, https:\/\/www.photo-club.asso.universite-paris-saclay.fr\/wp-content\/uploads\/inde-Vieux-en-Bianc--726x1024.jpg 726w, https:\/\/www.photo-club.asso.universite-paris-saclay.fr\/wp-content\/uploads\/inde-Vieux-en-Bianc-.jpg 851w\" sizes=\"(max-width: 212px) 100vw, 212px\" \/><\/a><p id=\"caption-attachment-508\" class=\"wp-caption-text\">_____<\/p><\/div>\n<\/th>\n<\/tr>\n<\/tbody>\n<\/table>\n<p>Laun\u00e9 Bernard<\/p>\n<table>\n<tbody>\n<tr>\n<th>\n<div id=\"attachment_3001\" style=\"width: 211px\" class=\"wp-caption aligncenter\"><a href=\"https:\/\/www.photo-club.asso.universite-paris-saclay.fr\/wp-content\/uploads\/Mexico.jpg\"><img aria-describedby=\"caption-attachment-3001\" loading=\"lazy\" class=\"wp-image-3001  alignleft\" src=\"https:\/\/www.photo-club.asso.universite-paris-saclay.fr\/wp-content\/uploads\/Mexico-1024x682.jpg\" alt=\"\" width=\"201\" height=\"134\" srcset=\"https:\/\/www.photo-club.asso.universite-paris-saclay.fr\/wp-content\/uploads\/Mexico-1024x682.jpg 1024w, https:\/\/www.photo-club.asso.universite-paris-saclay.fr\/wp-content\/uploads\/Mexico-300x200.jpg 300w, https:\/\/www.photo-club.asso.universite-paris-saclay.fr\/wp-content\/uploads\/Mexico-768x512.jpg 768w, https:\/\/www.photo-club.asso.universite-paris-saclay.fr\/wp-content\/uploads\/Mexico-1536x1024.jpg 1536w, https:\/\/www.photo-club.asso.universite-paris-saclay.fr\/wp-content\/uploads\/Mexico.jpg 2000w\" sizes=\"(max-width: 201px) 100vw, 201px\" \/><\/a><p id=\"caption-attachment-3001\" class=\"wp-caption-text\">Mexico<\/p><\/div>\n<p>\u00a0<\/p>\n<div id=\"attachment_3003\" style=\"width: 158px\" class=\"wp-caption alignright\"><a href=\"https:\/\/www.photo-club.asso.universite-paris-saclay.fr\/wp-content\/uploads\/BuenosAires.jpg\"><img aria-describedby=\"caption-attachment-3003\" loading=\"lazy\" class=\"wp-image-3003  alignright\" src=\"https:\/\/www.photo-club.asso.universite-paris-saclay.fr\/wp-content\/uploads\/BuenosAires-1024x769.jpg\" alt=\"\" width=\"148\" height=\"111\" srcset=\"https:\/\/www.photo-club.asso.universite-paris-saclay.fr\/wp-content\/uploads\/BuenosAires-1024x769.jpg 1024w, https:\/\/www.photo-club.asso.universite-paris-saclay.fr\/wp-content\/uploads\/BuenosAires-300x225.jpg 300w, https:\/\/www.photo-club.asso.universite-paris-saclay.fr\/wp-content\/uploads\/BuenosAires-768x576.jpg 768w, https:\/\/www.photo-club.asso.universite-paris-saclay.fr\/wp-content\/uploads\/BuenosAires-1536x1153.jpg 1536w, https:\/\/www.photo-club.asso.universite-paris-saclay.fr\/wp-content\/uploads\/BuenosAires.jpg 2000w\" sizes=\"(max-width: 148px) 100vw, 148px\" \/><\/a><p id=\"caption-attachment-3003\" class=\"wp-caption-text\">Buenos Aires<\/p><\/div>\n<div id=\"attachment_3002\" style=\"width: 295px\" class=\"wp-caption aligncenter\"><a href=\"https:\/\/www.photo-club.asso.universite-paris-saclay.fr\/wp-content\/uploads\/Montsouris2.jpg\"><img aria-describedby=\"caption-attachment-3002\" loading=\"lazy\" class=\"wp-image-3002  alignleft\" src=\"https:\/\/www.photo-club.asso.universite-paris-saclay.fr\/wp-content\/uploads\/Montsouris2-1024x678.jpg\" alt=\"\" width=\"285\" height=\"189\" srcset=\"https:\/\/www.photo-club.asso.universite-paris-saclay.fr\/wp-content\/uploads\/Montsouris2-1024x678.jpg 1024w, https:\/\/www.photo-club.asso.universite-paris-saclay.fr\/wp-content\/uploads\/Montsouris2-300x199.jpg 300w, https:\/\/www.photo-club.asso.universite-paris-saclay.fr\/wp-content\/uploads\/Montsouris2-768x508.jpg 768w, https:\/\/www.photo-club.asso.universite-paris-saclay.fr\/wp-content\/uploads\/Montsouris2-1536x1017.jpg 1536w, https:\/\/www.photo-club.asso.universite-paris-saclay.fr\/wp-content\/uploads\/Montsouris2.jpg 2000w\" sizes=\"(max-width: 285px) 100vw, 285px\" \/><\/a><p id=\"caption-attachment-3002\" class=\"wp-caption-text\">Montsouris<\/p><\/div>\n<\/th>\n<\/tr>\n<\/tbody>\n<\/table>\n<p>Megy Robert<\/p>\n<table>\n<tbody>\n<tr>\n<th>\n<div id=\"attachment_3074\" style=\"width: 153px\" class=\"wp-caption alignright\"><a href=\"https:\/\/www.photo-club.asso.universite-paris-saclay.fr\/wp-content\/uploads\/N-B-Paris_2.jpg\"><img aria-describedby=\"caption-attachment-3074\" loading=\"lazy\" class=\" wp-image-3074\" src=\"https:\/\/www.photo-club.asso.universite-paris-saclay.fr\/wp-content\/uploads\/N-B-Paris_2-1024x684.jpg\" alt=\"\" width=\"143\" height=\"95\" srcset=\"https:\/\/www.photo-club.asso.universite-paris-saclay.fr\/wp-content\/uploads\/N-B-Paris_2-1024x684.jpg 1024w, https:\/\/www.photo-club.asso.universite-paris-saclay.fr\/wp-content\/uploads\/N-B-Paris_2-300x200.jpg 300w, https:\/\/www.photo-club.asso.universite-paris-saclay.fr\/wp-content\/uploads\/N-B-Paris_2-768x513.jpg 768w, https:\/\/www.photo-club.asso.universite-paris-saclay.fr\/wp-content\/uploads\/N-B-Paris_2.jpg 1200w\" sizes=\"(max-width: 143px) 100vw, 143px\" \/><\/a><p id=\"caption-attachment-3074\" class=\"wp-caption-text\">_________<\/p><\/div>\n<p>\u00a0<\/p>\n<p>\u00a0<\/p>\n<div id=\"attachment_3075\" style=\"width: 168px\" class=\"wp-caption alignleft\"><a href=\"https:\/\/www.photo-club.asso.universite-paris-saclay.fr\/wp-content\/uploads\/Portait-mexico.jpg\"><img aria-describedby=\"caption-attachment-3075\" loading=\"lazy\" class=\"wp-image-3075\" src=\"https:\/\/www.photo-club.asso.universite-paris-saclay.fr\/wp-content\/uploads\/Portait-mexico-1024x684.jpg\" alt=\"\" width=\"158\" height=\"105\" srcset=\"https:\/\/www.photo-club.asso.universite-paris-saclay.fr\/wp-content\/uploads\/Portait-mexico-1024x684.jpg 1024w, https:\/\/www.photo-club.asso.universite-paris-saclay.fr\/wp-content\/uploads\/Portait-mexico-300x201.jpg 300w, https:\/\/www.photo-club.asso.universite-paris-saclay.fr\/wp-content\/uploads\/Portait-mexico-768x513.jpg 768w, https:\/\/www.photo-club.asso.universite-paris-saclay.fr\/wp-content\/uploads\/Portait-mexico.jpg 1200w\" sizes=\"(max-width: 158px) 100vw, 158px\" \/><\/a><p id=\"caption-attachment-3075\" class=\"wp-caption-text\">___________<\/p><\/div>\n<div id=\"attachment_3073\" style=\"width: 163px\" class=\"wp-caption alignright\"><a href=\"https:\/\/www.photo-club.asso.universite-paris-saclay.fr\/wp-content\/uploads\/N-B-Paris.jpg\"><img aria-describedby=\"caption-attachment-3073\" loading=\"lazy\" class=\" wp-image-3073\" src=\"https:\/\/www.photo-club.asso.universite-paris-saclay.fr\/wp-content\/uploads\/N-B-Paris-1024x689.jpg\" alt=\"\" width=\"153\" height=\"103\" srcset=\"https:\/\/www.photo-club.asso.universite-paris-saclay.fr\/wp-content\/uploads\/N-B-Paris-1024x689.jpg 1024w, https:\/\/www.photo-club.asso.universite-paris-saclay.fr\/wp-content\/uploads\/N-B-Paris-300x202.jpg 300w, https:\/\/www.photo-club.asso.universite-paris-saclay.fr\/wp-content\/uploads\/N-B-Paris-768x517.jpg 768w, https:\/\/www.photo-club.asso.universite-paris-saclay.fr\/wp-content\/uploads\/N-B-Paris.jpg 1200w\" sizes=\"(max-width: 153px) 100vw, 153px\" \/><\/a><p id=\"caption-attachment-3073\" class=\"wp-caption-text\">__________<\/p><\/div>\n<div id=\"attachment_3072\" style=\"width: 273px\" class=\"wp-caption aligncenter\"><a href=\"https:\/\/www.photo-club.asso.universite-paris-saclay.fr\/wp-content\/uploads\/N-B-Francia.jpg\"><img aria-describedby=\"caption-attachment-3072\" loading=\"lazy\" class=\" wp-image-3072\" src=\"https:\/\/www.photo-club.asso.universite-paris-saclay.fr\/wp-content\/uploads\/N-B-Francia-1024x666.jpg\" alt=\"\" width=\"263\" height=\"171\" srcset=\"https:\/\/www.photo-club.asso.universite-paris-saclay.fr\/wp-content\/uploads\/N-B-Francia-1024x666.jpg 1024w, https:\/\/www.photo-club.asso.universite-paris-saclay.fr\/wp-content\/uploads\/N-B-Francia-300x195.jpg 300w, https:\/\/www.photo-club.asso.universite-paris-saclay.fr\/wp-content\/uploads\/N-B-Francia-768x500.jpg 768w, https:\/\/www.photo-club.asso.universite-paris-saclay.fr\/wp-content\/uploads\/N-B-Francia.jpg 1200w\" sizes=\"(max-width: 263px) 100vw, 263px\" \/><\/a><p id=\"caption-attachment-3072\" class=\"wp-caption-text\">_________<\/p><\/div>\n<\/th>\n<\/tr>\n<\/tbody>\n<\/table>\n<p>Plaige Eric<\/p>\n<table>\n<tbody>\n<tr>\n<th>\n<div id=\"attachment_501\" style=\"width: 122px\" class=\"wp-caption alignecenter\"><a href=\"https:\/\/www.photo-club.asso.universite-paris-saclay.fr\/wp-content\/uploads\/photo1-scaled.jpg\" rel=\"attachment wp-att-501\"><img aria-describedby=\"caption-attachment-501\" loading=\"lazy\" class=\"alignleft wp-image-3023 \" title=\"DSCF0933R\" src=\"https:\/\/www.photo-club.asso.universite-paris-saclay.fr\/wp-content\/uploads\/photo1-300x225.jpg\" alt=\"\" width=\"112\" height=\"84\" srcset=\"https:\/\/www.photo-club.asso.universite-paris-saclay.fr\/wp-content\/uploads\/photo1-300x225.jpg 300w, https:\/\/www.photo-club.asso.universite-paris-saclay.fr\/wp-content\/uploads\/photo1-1024x768.jpg 1024w, https:\/\/www.photo-club.asso.universite-paris-saclay.fr\/wp-content\/uploads\/photo1-768x576.jpg 768w, https:\/\/www.photo-club.asso.universite-paris-saclay.fr\/wp-content\/uploads\/photo1-1536x1152.jpg 1536w, https:\/\/www.photo-club.asso.universite-paris-saclay.fr\/wp-content\/uploads\/photo1-2048x1536.jpg 2048w\" sizes=\"(max-width: 112px) 100vw, 112px\" \/><\/a><p id=\"caption-attachment-501\" class=\"wp-caption-text\">______<\/p><\/div>\n<p>\u00a0<\/p>\n<div id=\"attachment_502\" style=\"width: 106px\" class=\"wp-caption alignright\"><a href=\"https:\/\/www.photo-club.asso.universite-paris-saclay.fr\/wp-content\/uploads\/photo3-scaled.jpg\" rel=\"attachment wp-att-502\"><img aria-describedby=\"caption-attachment-502\" loading=\"lazy\" class=\"aligncenter wp-image-3021 \" title=\"DSCF1227R\" src=\"https:\/\/www.photo-club.asso.universite-paris-saclay.fr\/wp-content\/uploads\/photo3-768x1024.jpg\" alt=\"\" width=\"96\" height=\"128\" srcset=\"https:\/\/www.photo-club.asso.universite-paris-saclay.fr\/wp-content\/uploads\/photo3-768x1024.jpg 768w, https:\/\/www.photo-club.asso.universite-paris-saclay.fr\/wp-content\/uploads\/photo3-225x300.jpg 225w, https:\/\/www.photo-club.asso.universite-paris-saclay.fr\/wp-content\/uploads\/photo3-1152x1536.jpg 1152w, https:\/\/www.photo-club.asso.universite-paris-saclay.fr\/wp-content\/uploads\/photo3-1536x2048.jpg 1536w, https:\/\/www.photo-club.asso.universite-paris-saclay.fr\/wp-content\/uploads\/photo3-scaled.jpg 1920w\" sizes=\"(max-width: 96px) 100vw, 96px\" \/><\/a><p id=\"caption-attachment-502\" class=\"wp-caption-text\">______<\/p><\/div>\n<div id=\"attachment_503\" style=\"width: 247px\" class=\"wp-caption aligncenter\"><a href=\"https:\/\/www.photo-club.asso.universite-paris-saclay.fr\/wp-content\/uploads\/photo2.jpg\" rel=\"attachment wp-att-503\"><img aria-describedby=\"caption-attachment-503\" loading=\"lazy\" class=\"aligncenter wp-image-3022 \" title=\"P1030687R\" src=\"https:\/\/www.photo-club.asso.universite-paris-saclay.fr\/wp-content\/uploads\/photo2.jpg\" alt=\"\" width=\"237\" height=\"133\" srcset=\"https:\/\/www.photo-club.asso.universite-paris-saclay.fr\/wp-content\/uploads\/photo2.jpg 1024w, https:\/\/www.photo-club.asso.universite-paris-saclay.fr\/wp-content\/uploads\/photo2-300x169.jpg 300w, https:\/\/www.photo-club.asso.universite-paris-saclay.fr\/wp-content\/uploads\/photo2-768x432.jpg 768w\" sizes=\"(max-width: 237px) 100vw, 237px\" \/><\/a><p id=\"caption-attachment-503\" class=\"wp-caption-text\">______<\/p><\/div>\n<\/th>\n<\/tr>\n<\/tbody>\n<\/table>\n\n\n<p><\/p>\n","protected":false},"excerpt":{"rendered":"<p>Carvajal Elena \u00a0 \u00a0 Chalm\u00e9 Christian Equilbey Serge Guilland Jean-Fra\u00e7ois Laun\u00e9 Bernard \u00a0 Megy Robert \u00a0 \u00a0 Plaige Eric \u00a0<\/p>\n","protected":false},"author":1,"featured_media":0,"parent":240,"menu_order":0,"comment_status":"open","ping_status":"closed","template":"","meta":[],"_links":{"self":[{"href":"https:\/\/www.photo-club.asso.universite-paris-saclay.fr\/index.php?rest_route=\/wp\/v2\/pages\/339"}],"collection":[{"href":"https:\/\/www.photo-club.asso.universite-paris-saclay.fr\/index.php?rest_route=\/wp\/v2\/pages"}],"about":[{"href":"https:\/\/www.photo-club.asso.universite-paris-saclay.fr\/index.php?rest_route=\/wp\/v2\/types\/page"}],"author":[{"embeddable":true,"href":"https:\/\/www.photo-club.asso.universite-paris-saclay.fr\/index.php?rest_route=\/wp\/v2\/users\/1"}],"replies":[{"embeddable":true,"href":"https:\/\/www.photo-club.asso.universite-paris-saclay.fr\/index.php?rest_route=%2Fwp%2Fv2%2Fcomments&post=339"}],"version-history":[{"count":382,"href":"https:\/\/www.photo-club.asso.universite-paris-saclay.fr\/index.php?rest_route=\/wp\/v2\/pages\/339\/revisions"}],"predecessor-version":[{"id":3601,"href":"https:\/\/www.photo-club.asso.universite-paris-saclay.fr\/index.php?rest_route=\/wp\/v2\/pages\/339\/revisions\/3601"}],"up":[{"embeddable":true,"href":"https:\/\/www.photo-club.asso.universite-paris-saclay.fr\/index.php?rest_route=\/wp\/v2\/pages\/240"}],"wp:attachment":[{"href":"https:\/\/www.photo-club.asso.universite-paris-saclay.fr\/index.php?rest_route=%2Fwp%2Fv2%2Fmedia&parent=339"}],"curies":[{"name":"wp","href":"https:\/\/api.w.org\/{rel}","templated":true}]}}