{"id":3247,"date":"2023-03-27T15:49:51","date_gmt":"2023-03-27T13:49:51","guid":{"rendered":"https:\/\/www.photo-club.asso.universite-paris-saclay.fr\/?page_id=3247"},"modified":"2023-04-02T09:24:47","modified_gmt":"2023-04-02T07:24:47","slug":"avis-de-deces","status":"publish","type":"page","link":"https:\/\/www.photo-club.asso.universite-paris-saclay.fr\/?page_id=3247","title":{"rendered":"Avis de d\u00e9c\u00e8s"},"content":{"rendered":"\n<p>C&rsquo;est avec grand tristesse que nous partageons le d\u00e9c\u00e8s de notre ami photographe Raymond Konig le 21 mars dernier. <\/p>\n\n\n\n<p>Il est d\u00e9c\u00e9d\u00e9 dans a 80\u00e8me ann\u00e9e \u00e0 l&rsquo;h\u00f4pital de Balainvillers suite \u00e0 un cancer.<\/p>\n\n\n\n<p>Raymond \u00e9tait parmi les plus anciens membres du photoclub, pratiquement d\u00e8s sa cr\u00e9ation.<\/p>\n\n\n\n<p>Notre amie photographe Jean-Claude Parvan nous partage ces quelques lignes : <a href=\"https:\/\/www.photo-club.asso.universite-paris-saclay.fr\/wp-content\/uploads\/Raymond-.pdf\" data-type=\"URL\" data-id=\"https:\/\/www.photo-club.asso.universite-paris-saclay.fr\/wp-content\/uploads\/Raymond-.pdf\" target=\"_blank\" rel=\"noreferrer noopener\">Raymond K.<\/a><\/p>\n\n\n\n<figure class=\"wp-block-image size-full is-resized\"><img loading=\"lazy\" src=\"https:\/\/www.photo-club.asso.universite-paris-saclay.fr\/wp-content\/uploads\/Raymond_K_2.jpg\" alt=\"\" class=\"wp-image-3249\" width=\"383\" height=\"516\" srcset=\"https:\/\/www.photo-club.asso.universite-paris-saclay.fr\/wp-content\/uploads\/Raymond_K_2.jpg 475w, https:\/\/www.photo-club.asso.universite-paris-saclay.fr\/wp-content\/uploads\/Raymond_K_2-223x300.jpg 223w\" sizes=\"(max-width: 383px) 100vw, 383px\" \/><figcaption>Raymond Konig<\/figcaption><\/figure>\n\n\n\n<figure class=\"wp-block-image size-full is-resized\"><img loading=\"lazy\" src=\"https:\/\/www.photo-club.asso.universite-paris-saclay.fr\/wp-content\/uploads\/Raymond_K_1.jpg\" alt=\"\" class=\"wp-image-3250\" width=\"394\" height=\"222\" srcset=\"https:\/\/www.photo-club.asso.universite-paris-saclay.fr\/wp-content\/uploads\/Raymond_K_1.jpg 394w, https:\/\/www.photo-club.asso.universite-paris-saclay.fr\/wp-content\/uploads\/Raymond_K_1-300x169.jpg 300w\" sizes=\"(max-width: 394px) 100vw, 394px\" \/><figcaption>Animation dans le local du photoclub<\/figcaption><\/figure>\n\n\n\n<figure class=\"wp-block-image size-full is-resized\"><img loading=\"lazy\" src=\"https:\/\/www.photo-club.asso.universite-paris-saclay.fr\/wp-content\/uploads\/DSCN3042-copie.jpeg\" alt=\"\" class=\"wp-image-3251\" width=\"660\" height=\"376\" srcset=\"https:\/\/www.photo-club.asso.universite-paris-saclay.fr\/wp-content\/uploads\/DSCN3042-copie.jpeg 640w, https:\/\/www.photo-club.asso.universite-paris-saclay.fr\/wp-content\/uploads\/DSCN3042-copie-300x171.jpeg 300w\" sizes=\"(max-width: 660px) 100vw, 660px\" \/><figcaption>Expo photo de Raymond \u00e0 la biblioth\u00e8que<\/figcaption><\/figure>\n\n\n\n<p>Des t\u00e9moignages :<\/p>\n\n\n\n<p>Bonsoir<\/p>\n\n\n\n<p>Raymond a beaucoup compt\u00e9 pour moi ,nos caf\u00e9s partag\u00e9s ,les discussions sur diff\u00e9rents sujets\u00a0Tout \u00e7a va me manquer ! Il \u00e9tait tr\u00e8s int\u00e9ressant pour sa culture et l homme qu\u2019il \u00e9tait ! Tr\u00e8s discret sur sa vie !il m \u00b4avait tr\u00e8s peu parler \u00a0de sa vie !\u00a0 Mais j \u00e9tais toujours l\u00e0 pour lui !Je pouvais pas le laisser partir dans l indiff\u00e9rence! Alors avec mon mari nous avons achet\u00e9 une concession pour lui !Merci aussi \u00a0\u00e0 vous pour tout ! Je sais qu il vous appr\u00e9ciait beaucoup et que la photo comptait beaucoup pour lui! Il passait des heures sur son ordi a travailler ses photos !\u00c0 Raymond \u2026<\/p>\n\n\n\n<p>Bien cordialement<\/p>\n\n\n\n<p>Karine<\/p>\n","protected":false},"excerpt":{"rendered":"<p>C&rsquo;est avec grand tristesse que nous partageons le d\u00e9c\u00e8s de notre ami photographe Raymond Konig le 21 mars dernier. Il est d\u00e9c\u00e9d\u00e9 dans a 80\u00e8me ann\u00e9e \u00e0 l&rsquo;h\u00f4pital de Balainvillers suite \u00e0 un cancer. Raymond \u00e9tait parmi les plus anciens &hellip; <a href=\"https:\/\/www.photo-club.asso.universite-paris-saclay.fr\/?page_id=3247\">Continuer la lecture <span class=\"meta-nav\">&rarr;<\/span><\/a><\/p>\n","protected":false},"author":1,"featured_media":0,"parent":0,"menu_order":0,"comment_status":"closed","ping_status":"closed","template":"","meta":[],"_links":{"self":[{"href":"https:\/\/www.photo-club.asso.universite-paris-saclay.fr\/index.php?rest_route=\/wp\/v2\/pages\/3247"}],"collection":[{"href":"https:\/\/www.photo-club.asso.universite-paris-saclay.fr\/index.php?rest_route=\/wp\/v2\/pages"}],"about":[{"href":"https:\/\/www.photo-club.asso.universite-paris-saclay.fr\/index.php?rest_route=\/wp\/v2\/types\/page"}],"author":[{"embeddable":true,"href":"https:\/\/www.photo-club.asso.universite-paris-saclay.fr\/index.php?rest_route=\/wp\/v2\/users\/1"}],"replies":[{"embeddable":true,"href":"https:\/\/www.photo-club.asso.universite-paris-saclay.fr\/index.php?rest_route=%2Fwp%2Fv2%2Fcomments&post=3247"}],"version-history":[{"count":4,"href":"https:\/\/www.photo-club.asso.universite-paris-saclay.fr\/index.php?rest_route=\/wp\/v2\/pages\/3247\/revisions"}],"predecessor-version":[{"id":3265,"href":"https:\/\/www.photo-club.asso.universite-paris-saclay.fr\/index.php?rest_route=\/wp\/v2\/pages\/3247\/revisions\/3265"}],"wp:attachment":[{"href":"https:\/\/www.photo-club.asso.universite-paris-saclay.fr\/index.php?rest_route=%2Fwp%2Fv2%2Fmedia&parent=3247"}],"curies":[{"name":"wp","href":"https:\/\/api.w.org\/{rel}","templated":true}]}}