{"id":166,"date":"2013-03-01T16:23:49","date_gmt":"2013-03-01T15:23:49","guid":{"rendered":"http:\/\/hebergement.u-psud.fr\/photo-club.asso\/wordpress\/?page_id=166"},"modified":"2026-03-09T12:40:01","modified_gmt":"2026-03-09T11:40:01","slug":"accueil","status":"publish","type":"page","link":"https:\/\/www.photo-club.asso.universite-paris-saclay.fr\/","title":{"rendered":"Bienvenue au photo-club du CESFO"},"content":{"rendered":"<p><strong>Bienvenue sur le blog du club de photographie du CESFO \u00e0 Orsay.<\/strong><\/p>\n<p>Le photo-club a pour objectif de permettre \u00e0 des passionn\u00e9s de photographie du campus d&rsquo;Orsay de se rencontrer pour \u00e9changer sur leur pratique, leur coups de c\u0153ur, des trucs et astuces et plus!<\/p>\n<h3><strong>Pour les infos, permanences et animations voir\u00a0&#8211; <a title=\"Vie du photoclub\" href=\"https:\/\/www.photo-club.asso.universite-paris-saclay.fr\/?page_id=1044\">ici<\/a>&#8211;<\/strong><\/h3>\n<p>Venez nous rencontrer et \u00e9changer sur vos futures projets photo.<\/p>\n<h2 style=\"text-align: center;\">\u00a0<\/h2>\n<p>\u00a0<\/p>\n<p><span style=\"color: #333333;\">Bandeau : &laquo;&nbsp;Ah! du bleu!&nbsp;&raquo;\u00a0 E. Carvajal<\/span><\/p>\n\n\n<p><\/p>\n","protected":false},"excerpt":{"rendered":"<p>Bienvenue sur le blog du club de photographie du CESFO \u00e0 Orsay. Le photo-club a pour objectif de permettre \u00e0 des passionn\u00e9s de photographie du campus d&rsquo;Orsay de se rencontrer pour \u00e9changer sur leur pratique, leur coups de c\u0153ur, des &hellip; <a href=\"https:\/\/www.photo-club.asso.universite-paris-saclay.fr\/\">Continuer la lecture <span class=\"meta-nav\">&rarr;<\/span><\/a><\/p>\n","protected":false},"author":1,"featured_media":0,"parent":0,"menu_order":0,"comment_status":"closed","ping_status":"closed","template":"","meta":[],"_links":{"self":[{"href":"https:\/\/www.photo-club.asso.universite-paris-saclay.fr\/index.php?rest_route=\/wp\/v2\/pages\/166"}],"collection":[{"href":"https:\/\/www.photo-club.asso.universite-paris-saclay.fr\/index.php?rest_route=\/wp\/v2\/pages"}],"about":[{"href":"https:\/\/www.photo-club.asso.universite-paris-saclay.fr\/index.php?rest_route=\/wp\/v2\/types\/page"}],"author":[{"embeddable":true,"href":"https:\/\/www.photo-club.asso.universite-paris-saclay.fr\/index.php?rest_route=\/wp\/v2\/users\/1"}],"replies":[{"embeddable":true,"href":"https:\/\/www.photo-club.asso.universite-paris-saclay.fr\/index.php?rest_route=%2Fwp%2Fv2%2Fcomments&post=166"}],"version-history":[{"count":258,"href":"https:\/\/www.photo-club.asso.universite-paris-saclay.fr\/index.php?rest_route=\/wp\/v2\/pages\/166\/revisions"}],"predecessor-version":[{"id":3724,"href":"https:\/\/www.photo-club.asso.universite-paris-saclay.fr\/index.php?rest_route=\/wp\/v2\/pages\/166\/revisions\/3724"}],"wp:attachment":[{"href":"https:\/\/www.photo-club.asso.universite-paris-saclay.fr\/index.php?rest_route=%2Fwp%2Fv2%2Fmedia&parent=166"}],"curies":[{"name":"wp","href":"https:\/\/api.w.org\/{rel}","templated":true}]}}