{"id":1044,"date":"2014-03-26T12:23:01","date_gmt":"2014-03-26T11:23:01","guid":{"rendered":"http:\/\/hebergement.u-psud.fr\/photo-club.asso\/wordpress\/?page_id=1044"},"modified":"2026-03-21T14:22:59","modified_gmt":"2026-03-21T13:22:59","slug":"vie-du-photoclub","status":"publish","type":"page","link":"https:\/\/www.photo-club.asso.universite-paris-saclay.fr\/?page_id=1044","title":{"rendered":"Vie du photo-club"},"content":{"rendered":"\n<div class=\"wp-container-6a06bcb4f30ae wp-block-group\"><div class=\"wp-block-group__inner-container\">\n<h2><strong>Actualit\u00e9s et permanences<\/strong><\/h2>\n<p>Prochaine r\u00e9union :<\/p>\n<h2>Mardi 24 mars<\/h2>\n<p>Isabelle R.\u00a0 suite &laquo;&nbsp;Photos de l&rsquo;Irlande&nbsp;&raquo;<\/p>\n<p>M. Ramade : &laquo;&nbsp;Marseille en plaques&nbsp;&raquo; &#8211; photos antiennes de Marseille (plaques photographiques)<\/p>\n<p>__________________________________________________________<\/p>\n<h2>Infos pratiques et d&rsquo;actualit\u00e9<\/h2>\n<p><strong>Notre th\u00e8me de travail actuelle<\/strong> : La photo dans le rue : lancez vous, montrez-nous votre regard qui se balade. Rdv dans 3 semaines!<\/p>\n<p style=\"text-align: left;\">On vous propose de participer aux &laquo;&nbsp;Jeudi de la Clic&nbsp;&raquo;<\/p>\n<p><a href=\"https:\/\/www.photo-club.asso.universite-paris-saclay.fr\/wp-content\/uploads\/Screenshot_20250918-142155_Gmail.jpg\"><img loading=\"lazy\" class=\"wp-image-3625 alignleft\" src=\"https:\/\/www.photo-club.asso.universite-paris-saclay.fr\/wp-content\/uploads\/Screenshot_20250918-142155_Gmail-809x1024.jpg\" alt=\"\" width=\"310\" height=\"393\" srcset=\"https:\/\/www.photo-club.asso.universite-paris-saclay.fr\/wp-content\/uploads\/Screenshot_20250918-142155_Gmail-809x1024.jpg 809w, https:\/\/www.photo-club.asso.universite-paris-saclay.fr\/wp-content\/uploads\/Screenshot_20250918-142155_Gmail-237x300.jpg 237w, https:\/\/www.photo-club.asso.universite-paris-saclay.fr\/wp-content\/uploads\/Screenshot_20250918-142155_Gmail-768x972.jpg 768w, https:\/\/www.photo-club.asso.universite-paris-saclay.fr\/wp-content\/uploads\/Screenshot_20250918-142155_Gmail.jpg 1064w\" sizes=\"(max-width: 310px) 100vw, 310px\" \/><\/a><\/p>\n<p>\u00a0<\/p>\n<p>____________________________________________________________<\/p>\n<h3>Pour les photographes \u00e0 t\u00e9l\u00e9phone on vous invite \u00e0 r\u00e9viser la bibliographie existante.<\/h3>\n<p><a href=\"https:\/\/www.photo-club.asso.universite-paris-saclay.fr\/wp-content\/uploads\/Capture-decran-2025-10-09-163430.png\"><img loading=\"lazy\" class=\"aligncenter size-large wp-image-3636\" src=\"https:\/\/www.photo-club.asso.universite-paris-saclay.fr\/wp-content\/uploads\/Capture-decran-2025-10-09-163430-1024x310.png\" alt=\"\" width=\"640\" height=\"194\" srcset=\"https:\/\/www.photo-club.asso.universite-paris-saclay.fr\/wp-content\/uploads\/Capture-decran-2025-10-09-163430-1024x310.png 1024w, https:\/\/www.photo-club.asso.universite-paris-saclay.fr\/wp-content\/uploads\/Capture-decran-2025-10-09-163430-300x91.png 300w, https:\/\/www.photo-club.asso.universite-paris-saclay.fr\/wp-content\/uploads\/Capture-decran-2025-10-09-163430-768x232.png 768w, https:\/\/www.photo-club.asso.universite-paris-saclay.fr\/wp-content\/uploads\/Capture-decran-2025-10-09-163430.png 1118w\" sizes=\"(max-width: 640px) 100vw, 640px\" \/><\/a>Donnez nous votre avis!<\/p>\n<h3>\u00a0<\/h3>\n<p>\u00a0<\/p>\n<\/div><\/div>\n\n\n\n<p><\/p>\n","protected":false},"excerpt":{"rendered":"<p>Actualit\u00e9s et permanences Prochaine r\u00e9union : Mardi 24 mars Isabelle R.\u00a0 suite &laquo;&nbsp;Photos de l&rsquo;Irlande&nbsp;&raquo; M. Ramade : &laquo;&nbsp;Marseille en plaques&nbsp;&raquo; &#8211; photos antiennes de Marseille (plaques photographiques) __________________________________________________________ Infos pratiques et d&rsquo;actualit\u00e9 Notre th\u00e8me de travail actuelle : La &hellip; <a href=\"https:\/\/www.photo-club.asso.universite-paris-saclay.fr\/?page_id=1044\">Continuer la lecture <span class=\"meta-nav\">&rarr;<\/span><\/a><\/p>\n","protected":false},"author":1,"featured_media":0,"parent":0,"menu_order":0,"comment_status":"open","ping_status":"closed","template":"","meta":[],"_links":{"self":[{"href":"https:\/\/www.photo-club.asso.universite-paris-saclay.fr\/index.php?rest_route=\/wp\/v2\/pages\/1044"}],"collection":[{"href":"https:\/\/www.photo-club.asso.universite-paris-saclay.fr\/index.php?rest_route=\/wp\/v2\/pages"}],"about":[{"href":"https:\/\/www.photo-club.asso.universite-paris-saclay.fr\/index.php?rest_route=\/wp\/v2\/types\/page"}],"author":[{"embeddable":true,"href":"https:\/\/www.photo-club.asso.universite-paris-saclay.fr\/index.php?rest_route=\/wp\/v2\/users\/1"}],"replies":[{"embeddable":true,"href":"https:\/\/www.photo-club.asso.universite-paris-saclay.fr\/index.php?rest_route=%2Fwp%2Fv2%2Fcomments&post=1044"}],"version-history":[{"count":617,"href":"https:\/\/www.photo-club.asso.universite-paris-saclay.fr\/index.php?rest_route=\/wp\/v2\/pages\/1044\/revisions"}],"predecessor-version":[{"id":3736,"href":"https:\/\/www.photo-club.asso.universite-paris-saclay.fr\/index.php?rest_route=\/wp\/v2\/pages\/1044\/revisions\/3736"}],"wp:attachment":[{"href":"https:\/\/www.photo-club.asso.universite-paris-saclay.fr\/index.php?rest_route=%2Fwp%2Fv2%2Fmedia&parent=1044"}],"curies":[{"name":"wp","href":"https:\/\/api.w.org\/{rel}","templated":true}]}}